{"id":1755,"date":"2021-06-09T12:22:25","date_gmt":"2021-06-09T10:22:25","guid":{"rendered":"https:\/\/app-room.ch\/support\/"},"modified":"2025-09-26T10:29:39","modified_gmt":"2025-09-26T08:29:39","slug":"support-fuer-erp-warenwirtschaft-von-app-room","status":"publish","type":"page","link":"https:\/\/app-room.fr\/fr\/support-fuer-erp-warenwirtschaft-von-app-room\/","title":{"rendered":"Support"},"content":{"rendered":"\n<h2 class=\"wp-block-heading\">Support f\u00fcr deinen Velo-Shop \u2013 mit app-room gut begleitet<\/h2>\n\n\n\n<p>Der&nbsp;<strong>Support f\u00fcr ERP Warenwirtschaft<\/strong>&nbsp;von app-room begleitet dich auch nach dem Start zuverl\u00e4ssig. Ob technische Fragen oder Optimierung deiner Abl\u00e4ufe im Velo-Shop \u2013 wir helfen dir schnell und unkompliziert weiter.<\/p>\n\n\n\n<p>Unsere ERP-L\u00f6sung f\u00fcr Fahrradh\u00e4ndler und Zweirad-H\u00e4ndler bietet dir nicht nur digitale Werkzeuge, sondern app-room bietet auch pers\u00f6nlichen Support f\u00fcr ERP Warenwirtschaft. Du erreichst uns per Ticket, telefonisch oder \u00fcber die integrierte Wissensdatenbank mit praktischen Videoanleitungen.<\/p>\n\n\n\n<div style=\"height:100px\" aria-hidden=\"true\" class=\"wp-block-spacer\"><\/div>\n\n\n\n<div class=\"wp-block-columns is-layout-flex wp-container-core-columns-is-layout-9d6595d7 wp-block-columns-is-layout-flex\">\n<div class=\"wp-block-column is-layout-flow wp-block-column-is-layout-flow\">\n<h2 class=\"wp-block-heading\">Wissensdatenbank direkt in der Software<\/h2>\n\n\n\n<p>Praktische Videoanleitungen helfen dir Schritt f\u00fcr Schritt weiter \u2013 einfach erkl\u00e4rt, sofort umsetzbar.<\/p>\n<\/div>\n\n\n\n<div class=\"wp-block-column is-layout-flow wp-block-column-is-layout-flow\">\n<h2 class=\"wp-block-heading\">24\/7 Ticketsystem<\/h2>\n\n\n\n<p>Du kannst jederzeit ein Ticket erstellen. Unser Support-Team ist von Montag bis Freitag w\u00e4hrend der B\u00fcrozeiten f\u00fcr dich erreichbar. Je mehr Infos du uns gibst (z.\u202fB. Screenshots), desto schneller k\u00f6nnen wir dir helfen. Der\u00a0<strong>Support f\u00fcr ERP Warenwirtschaft<\/strong>\u00a0ist darauf ausgelegt, dir effizient und praxisnah weiterzuhelfen.<\/p>\n<\/div>\n<\/div>\n\n\n\n<div style=\"height:100px\" aria-hidden=\"true\" class=\"wp-block-spacer\"><\/div>\n\n\n\n<h3 class=\"wp-block-heading\">Pers\u00f6nliche Beratung<\/h3>\n\n\n\n<p>Wir helfen dir nicht nur bei technischen Fragen, sondern zeigen dir auch, wie du mit <strong>app-room<\/strong> Prozesse im <strong>Velo-Shop<\/strong> vereinfachst \u2013 von der <strong>Kassenl\u00f6sung<\/strong> bis zur <strong>Online-Terminbuchung<\/strong>.<\/p>\n\n\n\n<p>Wenn du Fragen zur&nbsp;<strong>ERP Warenwirtschaft f\u00fcr Fahrradh\u00e4ndler und Zweirad-H\u00e4ndler<\/strong>&nbsp;hast oder Unterst\u00fctzung brauchst, kontaktiere uns gerne:<\/p>\n\n\n\n<div style=\"height:100px\" aria-hidden=\"true\" class=\"wp-block-spacer\"><\/div>\n\n\n\n<h3 class=\"wp-block-heading\">Kontakt &amp; Hilfe<\/h3>\n\n\n\n<p><strong>app-room GmbH<\/strong><br>T\u00e4fernstrasse 7a, 5405 D\u00e4ttwil AG<br>T: +41 32 510 21 43<br>E:&nbsp;<a href=\"mailto:kontakt@app-room.ch\" target=\"_blank\" rel=\"noreferrer noopener\">kontakt@app-room.ch<\/a><br>B\u00fcrozeiten: Mo\u2013Fr, 08:00\u201312:00 &amp; 13:00\u201317:00 Uhr<br>Telefonisch erreichbar: 10:00\u201312:00 &amp; 13:00\u201317:00 Uhr<\/p>\n\n\n\n<p>Antworten auf h\u00e4ufige Fragen findest du auf unserer\u00a0<a href=\"https:\/\/app-room.ch\/fr\/faq\/\">FAQ-Seite<\/a>.<br>Erfahre mehr \u00fcber erfolgreiche Projekte auf unserer <a href=\"https:\/\/app-room.ch\/fr\/app-room\/referenzen\/\">Referenzseite<\/a>.<br>Oder vereinbare einen <a href=\"https:\/\/outlook.office365.com\/book\/approomBeratungsterminKopie@app-room.ch\/?ismsaljsauthenabled=true\">Beratungstermin<\/a>!<\/p>\n\n\n\n<p>Wir freuen uns, von dir zu h\u00f6ren!<br><strong>Dein app-room-Team<\/strong><\/p>\n","protected":false},"excerpt":{"rendered":"<p>Support f\u00fcr deinen Velo-Shop \u2013 mit app-room gut begleitet Der&nbsp;Support f\u00fcr ERP Warenwirtschaft&nbsp;von app-room begleitet [&hellip;]<\/p>\n","protected":false},"author":2,"featured_media":4093,"parent":0,"menu_order":44,"comment_status":"closed","ping_status":"closed","template":"","meta":{"_acf_changed":false,"inline_featured_image":false,"footnotes":""},"class_list":["post-1755","page","type-page","status-publish","has-post-thumbnail","hentry"],"acf":[],"yoast_head":"<!-- This site is optimized with the Yoast SEO plugin v27.2 - https:\/\/yoast.com\/product\/yoast-seo-wordpress\/ -->\n<title>Support - app-room GmbH<\/title>\n<meta name=\"description\" content=\"Support f\u00fcr ERP Warenwirtschaft: Hilfe f\u00fcr Fahrradh\u00e4ndler &amp; Zweirad-H\u00e4ndler per Ticket, Beratung &amp; Wissensdatenbank \u2013 Kontakt aufnehmen!\" \/>\n<meta name=\"robots\" content=\"index, follow, max-snippet:-1, max-image-preview:large, max-video-preview:-1\" \/>\n<link rel=\"canonical\" href=\"https:\/\/app-room.eu\/fr\/support-fuer-erp-warenwirtschaft-von-app-room\/\" \/>\n<meta property=\"og:locale\" content=\"fr_FR\" \/>\n<meta property=\"og:type\" content=\"article\" \/>\n<meta property=\"og:title\" content=\"Support - app-room GmbH\" \/>\n<meta property=\"og:description\" content=\"Support f\u00fcr ERP Warenwirtschaft: Hilfe f\u00fcr Fahrradh\u00e4ndler &amp; Zweirad-H\u00e4ndler per Ticket, Beratung &amp; Wissensdatenbank \u2013 Kontakt aufnehmen!\" \/>\n<meta property=\"og:url\" content=\"https:\/\/app-room.eu\/fr\/support-fuer-erp-warenwirtschaft-von-app-room\/\" \/>\n<meta property=\"og:site_name\" content=\"app-room GmbH\" \/>\n<meta property=\"article:publisher\" content=\"https:\/\/www.facebook.com\/approomgmbh\/\" \/>\n<meta property=\"article:modified_time\" content=\"2025-09-26T08:29:39+00:00\" \/>\n<meta property=\"og:image\" content=\"https:\/\/app-room.eu\/wp-content\/uploads\/2025\/09\/31-20250819-approom-328-e1758875360943.jpg\" \/>\n\t<meta property=\"og:image:width\" content=\"1920\" \/>\n\t<meta property=\"og:image:height\" content=\"1280\" \/>\n\t<meta property=\"og:image:type\" content=\"image\/jpeg\" \/>\n<meta name=\"twitter:card\" content=\"summary_large_image\" \/>\n<meta name=\"twitter:label1\" content=\"Dur\u00e9e de lecture estim\u00e9e\" \/>\n\t<meta name=\"twitter:data1\" content=\"1 minute\" \/>\n<script type=\"application\/ld+json\" class=\"yoast-schema-graph\">{\"@context\":\"https:\/\/schema.org\",\"@graph\":[{\"@type\":\"WebPage\",\"@id\":\"https:\/\/app-room.eu\/fr\/support-fuer-erp-warenwirtschaft-von-app-room\/\",\"url\":\"https:\/\/app-room.eu\/fr\/support-fuer-erp-warenwirtschaft-von-app-room\/\",\"name\":\"Support - app-room GmbH\",\"isPartOf\":{\"@id\":\"https:\/\/app-room.ch\/#website\"},\"primaryImageOfPage\":{\"@id\":\"https:\/\/app-room.eu\/fr\/support-fuer-erp-warenwirtschaft-von-app-room\/#primaryimage\"},\"image\":{\"@id\":\"https:\/\/app-room.eu\/fr\/support-fuer-erp-warenwirtschaft-von-app-room\/#primaryimage\"},\"thumbnailUrl\":\"https:\/\/app-room.fr\/wp-content\/uploads\/2025\/09\/31-20250819-approom-328-e1758875360943.jpg\",\"datePublished\":\"2021-06-09T10:22:25+00:00\",\"dateModified\":\"2025-09-26T08:29:39+00:00\",\"description\":\"Support f\u00fcr ERP Warenwirtschaft: Hilfe f\u00fcr Fahrradh\u00e4ndler & Zweirad-H\u00e4ndler per Ticket, Beratung & Wissensdatenbank \u2013 Kontakt aufnehmen!\",\"breadcrumb\":{\"@id\":\"https:\/\/app-room.eu\/fr\/support-fuer-erp-warenwirtschaft-von-app-room\/#breadcrumb\"},\"inLanguage\":\"fr-FR\",\"potentialAction\":[{\"@type\":\"ReadAction\",\"target\":[\"https:\/\/app-room.eu\/fr\/support-fuer-erp-warenwirtschaft-von-app-room\/\"]}]},{\"@type\":\"ImageObject\",\"inLanguage\":\"fr-FR\",\"@id\":\"https:\/\/app-room.eu\/fr\/support-fuer-erp-warenwirtschaft-von-app-room\/#primaryimage\",\"url\":\"https:\/\/app-room.fr\/wp-content\/uploads\/2025\/09\/31-20250819-approom-328-e1758875360943.jpg\",\"contentUrl\":\"https:\/\/app-room.fr\/wp-content\/uploads\/2025\/09\/31-20250819-approom-328-e1758875360943.jpg\",\"width\":1920,\"height\":1280,\"caption\":\"Support bei app-room\"},{\"@type\":\"BreadcrumbList\",\"@id\":\"https:\/\/app-room.eu\/fr\/support-fuer-erp-warenwirtschaft-von-app-room\/#breadcrumb\",\"itemListElement\":[{\"@type\":\"ListItem\",\"position\":1,\"name\":\"Startseite\",\"item\":\"https:\/\/app-room.fr\/fr\/\"},{\"@type\":\"ListItem\",\"position\":2,\"name\":\"Support\"}]},{\"@type\":\"WebSite\",\"@id\":\"https:\/\/app-room.ch\/#website\",\"url\":\"https:\/\/app-room.ch\/\",\"name\":\"app-room GmbH\",\"description\":\"CYCLE, das online Warenwirtschaftssystem \/ ERP f\u00fcr den Fahrradhandel\",\"publisher\":{\"@id\":\"https:\/\/app-room.ch\/#organization\"},\"potentialAction\":[{\"@type\":\"SearchAction\",\"target\":{\"@type\":\"EntryPoint\",\"urlTemplate\":\"https:\/\/app-room.ch\/?s={search_term_string}\"},\"query-input\":{\"@type\":\"PropertyValueSpecification\",\"valueRequired\":true,\"valueName\":\"search_term_string\"}}],\"inLanguage\":\"fr-FR\"},{\"@type\":\"Organization\",\"@id\":\"https:\/\/app-room.ch\/#organization\",\"name\":\"app-room GmbH\",\"url\":\"https:\/\/app-room.ch\/\",\"logo\":{\"@type\":\"ImageObject\",\"inLanguage\":\"fr-FR\",\"@id\":\"https:\/\/app-room.ch\/#\/schema\/logo\/image\/\",\"url\":\"https:\/\/app-room.ch\/wp-content\/uploads\/2024\/10\/favicon.png\",\"contentUrl\":\"https:\/\/app-room.ch\/wp-content\/uploads\/2024\/10\/favicon.png\",\"width\":128,\"height\":128,\"caption\":\"app-room GmbH\"},\"image\":{\"@id\":\"https:\/\/app-room.ch\/#\/schema\/logo\/image\/\"},\"sameAs\":[\"https:\/\/www.facebook.com\/approomgmbh\/\",\"https:\/\/ch.linkedin.com\/company\/app-room-gmbh\"]}]}<\/script>\n<!-- \/ Yoast SEO plugin. -->","yoast_head_json":{"title":"Support - app-room GmbH","description":"Support f\u00fcr ERP Warenwirtschaft: Hilfe f\u00fcr Fahrradh\u00e4ndler & Zweirad-H\u00e4ndler per Ticket, Beratung & Wissensdatenbank \u2013 Kontakt aufnehmen!","robots":{"index":"index","follow":"follow","max-snippet":"max-snippet:-1","max-image-preview":"max-image-preview:large","max-video-preview":"max-video-preview:-1"},"canonical":"https:\/\/app-room.eu\/fr\/support-fuer-erp-warenwirtschaft-von-app-room\/","og_locale":"fr_FR","og_type":"article","og_title":"Support - app-room GmbH","og_description":"Support f\u00fcr ERP Warenwirtschaft: Hilfe f\u00fcr Fahrradh\u00e4ndler & Zweirad-H\u00e4ndler per Ticket, Beratung & Wissensdatenbank \u2013 Kontakt aufnehmen!","og_url":"https:\/\/app-room.eu\/fr\/support-fuer-erp-warenwirtschaft-von-app-room\/","og_site_name":"app-room GmbH","article_publisher":"https:\/\/www.facebook.com\/approomgmbh\/","article_modified_time":"2025-09-26T08:29:39+00:00","og_image":[{"width":1920,"height":1280,"url":"https:\/\/app-room.eu\/wp-content\/uploads\/2025\/09\/31-20250819-approom-328-e1758875360943.jpg","type":"image\/jpeg"}],"twitter_card":"summary_large_image","twitter_misc":{"Dur\u00e9e de lecture estim\u00e9e":"1 minute"},"schema":{"@context":"https:\/\/schema.org","@graph":[{"@type":"WebPage","@id":"https:\/\/app-room.eu\/fr\/support-fuer-erp-warenwirtschaft-von-app-room\/","url":"https:\/\/app-room.eu\/fr\/support-fuer-erp-warenwirtschaft-von-app-room\/","name":"Support - app-room GmbH","isPartOf":{"@id":"https:\/\/app-room.ch\/#website"},"primaryImageOfPage":{"@id":"https:\/\/app-room.eu\/fr\/support-fuer-erp-warenwirtschaft-von-app-room\/#primaryimage"},"image":{"@id":"https:\/\/app-room.eu\/fr\/support-fuer-erp-warenwirtschaft-von-app-room\/#primaryimage"},"thumbnailUrl":"https:\/\/app-room.fr\/wp-content\/uploads\/2025\/09\/31-20250819-approom-328-e1758875360943.jpg","datePublished":"2021-06-09T10:22:25+00:00","dateModified":"2025-09-26T08:29:39+00:00","description":"Support f\u00fcr ERP Warenwirtschaft: Hilfe f\u00fcr Fahrradh\u00e4ndler & Zweirad-H\u00e4ndler per Ticket, Beratung & Wissensdatenbank \u2013 Kontakt aufnehmen!","breadcrumb":{"@id":"https:\/\/app-room.eu\/fr\/support-fuer-erp-warenwirtschaft-von-app-room\/#breadcrumb"},"inLanguage":"fr-FR","potentialAction":[{"@type":"ReadAction","target":["https:\/\/app-room.eu\/fr\/support-fuer-erp-warenwirtschaft-von-app-room\/"]}]},{"@type":"ImageObject","inLanguage":"fr-FR","@id":"https:\/\/app-room.eu\/fr\/support-fuer-erp-warenwirtschaft-von-app-room\/#primaryimage","url":"https:\/\/app-room.fr\/wp-content\/uploads\/2025\/09\/31-20250819-approom-328-e1758875360943.jpg","contentUrl":"https:\/\/app-room.fr\/wp-content\/uploads\/2025\/09\/31-20250819-approom-328-e1758875360943.jpg","width":1920,"height":1280,"caption":"Support bei app-room"},{"@type":"BreadcrumbList","@id":"https:\/\/app-room.eu\/fr\/support-fuer-erp-warenwirtschaft-von-app-room\/#breadcrumb","itemListElement":[{"@type":"ListItem","position":1,"name":"Startseite","item":"https:\/\/app-room.fr\/fr\/"},{"@type":"ListItem","position":2,"name":"Support"}]},{"@type":"WebSite","@id":"https:\/\/app-room.ch\/#website","url":"https:\/\/app-room.ch\/","name":"app-room GmbH","description":"CYCLE, das online Warenwirtschaftssystem \/ ERP f\u00fcr den Fahrradhandel","publisher":{"@id":"https:\/\/app-room.ch\/#organization"},"potentialAction":[{"@type":"SearchAction","target":{"@type":"EntryPoint","urlTemplate":"https:\/\/app-room.ch\/?s={search_term_string}"},"query-input":{"@type":"PropertyValueSpecification","valueRequired":true,"valueName":"search_term_string"}}],"inLanguage":"fr-FR"},{"@type":"Organization","@id":"https:\/\/app-room.ch\/#organization","name":"app-room GmbH","url":"https:\/\/app-room.ch\/","logo":{"@type":"ImageObject","inLanguage":"fr-FR","@id":"https:\/\/app-room.ch\/#\/schema\/logo\/image\/","url":"https:\/\/app-room.ch\/wp-content\/uploads\/2024\/10\/favicon.png","contentUrl":"https:\/\/app-room.ch\/wp-content\/uploads\/2024\/10\/favicon.png","width":128,"height":128,"caption":"app-room GmbH"},"image":{"@id":"https:\/\/app-room.ch\/#\/schema\/logo\/image\/"},"sameAs":["https:\/\/www.facebook.com\/approomgmbh\/","https:\/\/ch.linkedin.com\/company\/app-room-gmbh"]}]}},"_links":{"self":[{"href":"https:\/\/app-room.fr\/fr\/wp-json\/wp\/v2\/pages\/1755","targetHints":{"allow":["GET"]}}],"collection":[{"href":"https:\/\/app-room.fr\/fr\/wp-json\/wp\/v2\/pages"}],"about":[{"href":"https:\/\/app-room.fr\/fr\/wp-json\/wp\/v2\/types\/page"}],"author":[{"embeddable":true,"href":"https:\/\/app-room.fr\/fr\/wp-json\/wp\/v2\/users\/2"}],"replies":[{"embeddable":true,"href":"https:\/\/app-room.fr\/fr\/wp-json\/wp\/v2\/comments?post=1755"}],"version-history":[{"count":7,"href":"https:\/\/app-room.fr\/fr\/wp-json\/wp\/v2\/pages\/1755\/revisions"}],"predecessor-version":[{"id":3924,"href":"https:\/\/app-room.fr\/fr\/wp-json\/wp\/v2\/pages\/1755\/revisions\/3924"}],"wp:featuredmedia":[{"embeddable":true,"href":"https:\/\/app-room.fr\/fr\/wp-json\/wp\/v2\/media\/4093"}],"wp:attachment":[{"href":"https:\/\/app-room.fr\/fr\/wp-json\/wp\/v2\/media?parent=1755"}],"curies":[{"name":"wp","href":"https:\/\/api.w.org\/{rel}","templated":true}]}}