{"id":1736,"date":"2021-06-09T12:25:24","date_gmt":"2021-06-09T10:25:24","guid":{"rendered":"https:\/\/app-room.ch\/fernwartung\/"},"modified":"2024-10-22T11:24:05","modified_gmt":"2024-10-22T09:24:05","slug":"fernwartung","status":"publish","type":"page","link":"https:\/\/app-room.fr\/fr\/fernwartung\/","title":{"rendered":"T\u00e9l\u00e9maintenance"},"content":{"rendered":"\n<h2 class=\"wp-block-heading\">Nous sommes sur place : Chez toi ou par t\u00e9l\u00e9maintenance !<\/h2>\n\n\n\n<div class=\"wp-block-columns is-layout-flex wp-container-core-columns-is-layout-9d6595d7 wp-block-columns-is-layout-flex\">\n<div class=\"wp-block-column is-layout-flow wp-block-column-is-layout-flow\">\n<p>Une <strong>assistance sur place <\/strong>est n\u00e9cessaire lorsqu&rsquo;il faut remplacer des composants d&rsquo;ordinateurs ou installer des imprimantes, des r\u00e9seaux ou des serveurs &#8211; des installations de postes de travail entiers.<\/p>\n<\/div>\n\n\n\n<div class=\"wp-block-column is-layout-flow wp-block-column-is-layout-flow\">\n<p><strong>L&rsquo;assistance \u00e0 distance<\/strong> convient pour les petits probl\u00e8mes tels que l&rsquo;installation de programmes, la configuration de comptes de messagerie, les param\u00e8tres d&rsquo;imprimante ou les questions d&rsquo;application concernant les programmes Office courants comme Word ou Excel.<\/p>\n<\/div>\n<\/div>\n\n\n\n<div style=\"height:100px\" aria-hidden=\"true\" class=\"wp-block-spacer\"><\/div>\n\n\n\n<p>Nous te conseillons volontiers sur le mat\u00e9riel afin de trouver les appareils, les ordinateurs qui correspondent parfaitement \u00e0 tes besoins.<\/p>\n\n\n\n<p>Avec une t\u00e9l\u00e9maintenance, l&rsquo;\u00e9quipe d&rsquo;app-room peut, apr\u00e8s ton accord, effectuer des interventions sur ton syst\u00e8me sans devoir se d\u00e9placer chez toi. Tu \u00e9conomises ainsi du temps et de l&rsquo;argent. Une t\u00e9l\u00e9maintenance n&rsquo;exclut toutefois pas une visite ult\u00e9rieure.<\/p>\n\n\n\n<p>En confirmant l&rsquo;acc\u00e8s, tu autorises notre collaborateur \u00e0 voir le contenu de ton \u00e9cran, \u00e0 prendre en charge ta souris et ton clavier et \u00e0 effectuer \u00e9ventuellement des saisies. Dans certaines circonstances, il est n\u00e9cessaire de transf\u00e9rer des donn\u00e9es ou des programmes entre ton syst\u00e8me et le n\u00f4tre pour des analyses ou des r\u00e9parations plus approfondies.<\/p>\n\n\n\n<p>app-room SARL travaille avec le syst\u00e8me d&rsquo;acc\u00e8s \u00e0 distance AnyDesk.<\/p>\n","protected":false},"excerpt":{"rendered":"<p>Nous sommes sur place : Chez toi ou par t\u00e9l\u00e9maintenance ! Une assistance sur place [&hellip;]<\/p>\n","protected":false},"author":2,"featured_media":4098,"parent":0,"menu_order":18,"comment_status":"closed","ping_status":"closed","template":"","meta":{"_acf_changed":false,"inline_featured_image":false,"footnotes":""},"class_list":["post-1736","page","type-page","status-publish","has-post-thumbnail","hentry"],"acf":[],"yoast_head":"<!-- This site is optimized with the Yoast SEO plugin v27.2 - https:\/\/yoast.com\/product\/yoast-seo-wordpress\/ -->\n<title>T\u00e9l\u00e9maintenance - app-room GmbH<\/title>\n<meta name=\"description\" content=\"app-room bietet Support vor Ort oder Fernwartung an. Unser ICT-Fachmann hilft bei Fragen zu Hardware, Kassensystem oder Software Anliegen.\" \/>\n<meta name=\"robots\" content=\"index, follow, max-snippet:-1, max-image-preview:large, max-video-preview:-1\" \/>\n<link rel=\"canonical\" href=\"https:\/\/app-room.ch\/fr\/fernwartung\/\" \/>\n<meta property=\"og:locale\" content=\"fr_FR\" \/>\n<meta property=\"og:type\" content=\"article\" \/>\n<meta property=\"og:title\" content=\"T\u00e9l\u00e9maintenance - app-room GmbH\" \/>\n<meta property=\"og:description\" content=\"app-room bietet Support vor Ort oder Fernwartung an. Unser ICT-Fachmann hilft bei Fragen zu Hardware, Kassensystem oder Software Anliegen.\" \/>\n<meta property=\"og:url\" content=\"https:\/\/app-room.ch\/fr\/fernwartung\/\" \/>\n<meta property=\"og:site_name\" content=\"app-room GmbH\" \/>\n<meta property=\"article:publisher\" content=\"https:\/\/www.facebook.com\/approomgmbh\/\" \/>\n<meta property=\"article:modified_time\" content=\"2024-10-22T09:24:05+00:00\" \/>\n<meta property=\"og:image\" content=\"https:\/\/app-room.ch\/wp-content\/uploads\/2025\/09\/30-20250819-approom-324-e1758876243866.jpg\" \/>\n\t<meta property=\"og:image:width\" content=\"1920\" \/>\n\t<meta property=\"og:image:height\" content=\"1280\" \/>\n\t<meta property=\"og:image:type\" content=\"image\/jpeg\" \/>\n<meta name=\"twitter:card\" content=\"summary_large_image\" \/>\n<meta name=\"twitter:label1\" content=\"Dur\u00e9e de lecture estim\u00e9e\" \/>\n\t<meta name=\"twitter:data1\" content=\"2 minutes\" \/>\n<script type=\"application\/ld+json\" class=\"yoast-schema-graph\">{\"@context\":\"https:\/\/schema.org\",\"@graph\":[{\"@type\":\"WebPage\",\"@id\":\"https:\/\/app-room.ch\/fr\/fernwartung\/\",\"url\":\"https:\/\/app-room.ch\/fr\/fernwartung\/\",\"name\":\"T\u00e9l\u00e9maintenance - app-room GmbH\",\"isPartOf\":{\"@id\":\"https:\/\/app-room.ch\/#website\"},\"primaryImageOfPage\":{\"@id\":\"https:\/\/app-room.ch\/fr\/fernwartung\/#primaryimage\"},\"image\":{\"@id\":\"https:\/\/app-room.ch\/fr\/fernwartung\/#primaryimage\"},\"thumbnailUrl\":\"https:\/\/app-room.fr\/wp-content\/uploads\/2025\/09\/30-20250819-approom-324-e1758876243866.jpg\",\"datePublished\":\"2021-06-09T10:25:24+00:00\",\"dateModified\":\"2024-10-22T09:24:05+00:00\",\"description\":\"app-room bietet Support vor Ort oder Fernwartung an. Unser ICT-Fachmann hilft bei Fragen zu Hardware, Kassensystem oder Software Anliegen.\",\"breadcrumb\":{\"@id\":\"https:\/\/app-room.ch\/fr\/fernwartung\/#breadcrumb\"},\"inLanguage\":\"fr-FR\",\"potentialAction\":[{\"@type\":\"ReadAction\",\"target\":[\"https:\/\/app-room.ch\/fr\/fernwartung\/\"]}]},{\"@type\":\"ImageObject\",\"inLanguage\":\"fr-FR\",\"@id\":\"https:\/\/app-room.ch\/fr\/fernwartung\/#primaryimage\",\"url\":\"https:\/\/app-room.fr\/wp-content\/uploads\/2025\/09\/30-20250819-approom-324-e1758876243866.jpg\",\"contentUrl\":\"https:\/\/app-room.fr\/wp-content\/uploads\/2025\/09\/30-20250819-approom-324-e1758876243866.jpg\",\"width\":1920,\"height\":1280},{\"@type\":\"BreadcrumbList\",\"@id\":\"https:\/\/app-room.ch\/fr\/fernwartung\/#breadcrumb\",\"itemListElement\":[{\"@type\":\"ListItem\",\"position\":1,\"name\":\"Startseite\",\"item\":\"https:\/\/app-room.fr\/fr\/\"},{\"@type\":\"ListItem\",\"position\":2,\"name\":\"T\u00e9l\u00e9maintenance\"}]},{\"@type\":\"WebSite\",\"@id\":\"https:\/\/app-room.ch\/#website\",\"url\":\"https:\/\/app-room.ch\/\",\"name\":\"app-room GmbH\",\"description\":\"CYCLE, das online Warenwirtschaftssystem \/ ERP f\u00fcr den Fahrradhandel\",\"publisher\":{\"@id\":\"https:\/\/app-room.ch\/#organization\"},\"potentialAction\":[{\"@type\":\"SearchAction\",\"target\":{\"@type\":\"EntryPoint\",\"urlTemplate\":\"https:\/\/app-room.ch\/?s={search_term_string}\"},\"query-input\":{\"@type\":\"PropertyValueSpecification\",\"valueRequired\":true,\"valueName\":\"search_term_string\"}}],\"inLanguage\":\"fr-FR\"},{\"@type\":\"Organization\",\"@id\":\"https:\/\/app-room.ch\/#organization\",\"name\":\"app-room GmbH\",\"url\":\"https:\/\/app-room.ch\/\",\"logo\":{\"@type\":\"ImageObject\",\"inLanguage\":\"fr-FR\",\"@id\":\"https:\/\/app-room.ch\/#\/schema\/logo\/image\/\",\"url\":\"https:\/\/app-room.ch\/wp-content\/uploads\/2024\/10\/favicon.png\",\"contentUrl\":\"https:\/\/app-room.ch\/wp-content\/uploads\/2024\/10\/favicon.png\",\"width\":128,\"height\":128,\"caption\":\"app-room GmbH\"},\"image\":{\"@id\":\"https:\/\/app-room.ch\/#\/schema\/logo\/image\/\"},\"sameAs\":[\"https:\/\/www.facebook.com\/approomgmbh\/\",\"https:\/\/ch.linkedin.com\/company\/app-room-gmbh\"]}]}<\/script>\n<!-- \/ Yoast SEO plugin. -->","yoast_head_json":{"title":"T\u00e9l\u00e9maintenance - app-room GmbH","description":"app-room bietet Support vor Ort oder Fernwartung an. Unser ICT-Fachmann hilft bei Fragen zu Hardware, Kassensystem oder Software Anliegen.","robots":{"index":"index","follow":"follow","max-snippet":"max-snippet:-1","max-image-preview":"max-image-preview:large","max-video-preview":"max-video-preview:-1"},"canonical":"https:\/\/app-room.ch\/fr\/fernwartung\/","og_locale":"fr_FR","og_type":"article","og_title":"T\u00e9l\u00e9maintenance - app-room GmbH","og_description":"app-room bietet Support vor Ort oder Fernwartung an. Unser ICT-Fachmann hilft bei Fragen zu Hardware, Kassensystem oder Software Anliegen.","og_url":"https:\/\/app-room.ch\/fr\/fernwartung\/","og_site_name":"app-room GmbH","article_publisher":"https:\/\/www.facebook.com\/approomgmbh\/","article_modified_time":"2024-10-22T09:24:05+00:00","og_image":[{"width":1920,"height":1280,"url":"https:\/\/app-room.ch\/wp-content\/uploads\/2025\/09\/30-20250819-approom-324-e1758876243866.jpg","type":"image\/jpeg"}],"twitter_card":"summary_large_image","twitter_misc":{"Dur\u00e9e de lecture estim\u00e9e":"2 minutes"},"schema":{"@context":"https:\/\/schema.org","@graph":[{"@type":"WebPage","@id":"https:\/\/app-room.ch\/fr\/fernwartung\/","url":"https:\/\/app-room.ch\/fr\/fernwartung\/","name":"T\u00e9l\u00e9maintenance - app-room GmbH","isPartOf":{"@id":"https:\/\/app-room.ch\/#website"},"primaryImageOfPage":{"@id":"https:\/\/app-room.ch\/fr\/fernwartung\/#primaryimage"},"image":{"@id":"https:\/\/app-room.ch\/fr\/fernwartung\/#primaryimage"},"thumbnailUrl":"https:\/\/app-room.fr\/wp-content\/uploads\/2025\/09\/30-20250819-approom-324-e1758876243866.jpg","datePublished":"2021-06-09T10:25:24+00:00","dateModified":"2024-10-22T09:24:05+00:00","description":"app-room bietet Support vor Ort oder Fernwartung an. Unser ICT-Fachmann hilft bei Fragen zu Hardware, Kassensystem oder Software Anliegen.","breadcrumb":{"@id":"https:\/\/app-room.ch\/fr\/fernwartung\/#breadcrumb"},"inLanguage":"fr-FR","potentialAction":[{"@type":"ReadAction","target":["https:\/\/app-room.ch\/fr\/fernwartung\/"]}]},{"@type":"ImageObject","inLanguage":"fr-FR","@id":"https:\/\/app-room.ch\/fr\/fernwartung\/#primaryimage","url":"https:\/\/app-room.fr\/wp-content\/uploads\/2025\/09\/30-20250819-approom-324-e1758876243866.jpg","contentUrl":"https:\/\/app-room.fr\/wp-content\/uploads\/2025\/09\/30-20250819-approom-324-e1758876243866.jpg","width":1920,"height":1280},{"@type":"BreadcrumbList","@id":"https:\/\/app-room.ch\/fr\/fernwartung\/#breadcrumb","itemListElement":[{"@type":"ListItem","position":1,"name":"Startseite","item":"https:\/\/app-room.fr\/fr\/"},{"@type":"ListItem","position":2,"name":"T\u00e9l\u00e9maintenance"}]},{"@type":"WebSite","@id":"https:\/\/app-room.ch\/#website","url":"https:\/\/app-room.ch\/","name":"app-room GmbH","description":"CYCLE, das online Warenwirtschaftssystem \/ ERP f\u00fcr den Fahrradhandel","publisher":{"@id":"https:\/\/app-room.ch\/#organization"},"potentialAction":[{"@type":"SearchAction","target":{"@type":"EntryPoint","urlTemplate":"https:\/\/app-room.ch\/?s={search_term_string}"},"query-input":{"@type":"PropertyValueSpecification","valueRequired":true,"valueName":"search_term_string"}}],"inLanguage":"fr-FR"},{"@type":"Organization","@id":"https:\/\/app-room.ch\/#organization","name":"app-room GmbH","url":"https:\/\/app-room.ch\/","logo":{"@type":"ImageObject","inLanguage":"fr-FR","@id":"https:\/\/app-room.ch\/#\/schema\/logo\/image\/","url":"https:\/\/app-room.ch\/wp-content\/uploads\/2024\/10\/favicon.png","contentUrl":"https:\/\/app-room.ch\/wp-content\/uploads\/2024\/10\/favicon.png","width":128,"height":128,"caption":"app-room GmbH"},"image":{"@id":"https:\/\/app-room.ch\/#\/schema\/logo\/image\/"},"sameAs":["https:\/\/www.facebook.com\/approomgmbh\/","https:\/\/ch.linkedin.com\/company\/app-room-gmbh"]}]}},"_links":{"self":[{"href":"https:\/\/app-room.fr\/fr\/wp-json\/wp\/v2\/pages\/1736","targetHints":{"allow":["GET"]}}],"collection":[{"href":"https:\/\/app-room.fr\/fr\/wp-json\/wp\/v2\/pages"}],"about":[{"href":"https:\/\/app-room.fr\/fr\/wp-json\/wp\/v2\/types\/page"}],"author":[{"embeddable":true,"href":"https:\/\/app-room.fr\/fr\/wp-json\/wp\/v2\/users\/2"}],"replies":[{"embeddable":true,"href":"https:\/\/app-room.fr\/fr\/wp-json\/wp\/v2\/comments?post=1736"}],"version-history":[{"count":4,"href":"https:\/\/app-room.fr\/fr\/wp-json\/wp\/v2\/pages\/1736\/revisions"}],"predecessor-version":[{"id":3440,"href":"https:\/\/app-room.fr\/fr\/wp-json\/wp\/v2\/pages\/1736\/revisions\/3440"}],"wp:featuredmedia":[{"embeddable":true,"href":"https:\/\/app-room.fr\/fr\/wp-json\/wp\/v2\/media\/4098"}],"wp:attachment":[{"href":"https:\/\/app-room.fr\/fr\/wp-json\/wp\/v2\/media?parent=1736"}],"curies":[{"name":"wp","href":"https:\/\/api.w.org\/{rel}","templated":true}]}}