{"id":1669,"date":"2020-10-21T09:25:08","date_gmt":"2020-10-21T07:25:08","guid":{"rendered":"https:\/\/app-room.ch\/?page_id=1669"},"modified":"2024-10-22T11:22:28","modified_gmt":"2024-10-22T09:22:28","slug":"faq","status":"publish","type":"page","link":"https:\/\/app-room.fr\/fr\/faq\/","title":{"rendered":"FAQ"},"content":{"rendered":"\n<div class=\"wp-block-columns is-layout-flex wp-container-core-columns-is-layout-9d6595d7 wp-block-columns-is-layout-flex\">\n<div class=\"wp-block-column is-layout-flow wp-block-column-is-layout-flow\">\n<h2 class=\"wp-block-heading has-text-align-left h1\">FAQ<\/h2>\n<\/div>\n\n\n\n<div class=\"wp-block-column is-layout-flow wp-block-column-is-layout-flow\">\n<p>Questions apr\u00e8s questions, nous avons r\u00e9sum\u00e9 les plus importantes dans une FAQ<\/p>\n<\/div>\n<\/div>\n\n\n\t\t\t<\/div>\n\t\t<\/div>\n\t<\/div>\n<\/section>\n\n\n<section class=\"py-5 py-lg-6 bg-sand\">\n\t<div class=\"container\">\n\t\t<div class=\"row justify-content-center\">\n\t\t\t<div class=\"col-12\">\n\n\n<div class=\"wp-block-columns is-layout-flex wp-container-core-columns-is-layout-9d6595d7 wp-block-columns-is-layout-flex\">\n<div class=\"wp-block-column is-layout-flow wp-block-column-is-layout-flow\">\n<h2 class=\"wp-block-heading has-text-align-left h1\">Foire aux questions<\/h2>\n<\/div>\n\n\n\n<div class=\"wp-block-column is-layout-flow wp-block-column-is-layout-flow\">\n<p>Tu trouveras ci-dessous quelques r\u00e9ponses aux questions qui nous sont r\u00e9guli\u00e8rement pos\u00e9es. Peut-\u00eatre que tu trouveras ainsi des r\u00e9ponses \u00e0 tes questions les plus br\u00fblantes.<\/p>\n<\/div>\n<\/div>\n\n\n\t\t\t<\/div>\n\t\t<\/div>\n\t<\/div>\n<\/section>\n\n\n<section class=\"\">\n\t<div class=\"container\">\n\t\t<div class=\"row justify-content-center\">\n\t\t\t<div class=\"col-12\">\n\n\n<div style=\"height:100px\" aria-hidden=\"true\" class=\"wp-block-spacer\"><\/div>\n\n\n<div class=\"faq-list\">\n\t\n\t\t\t<dl class=\"faq py-3 accordion mb-0\">\n\t\t\t<div class=\"d-flex\" style=\"gap: 50px\">\n\t\t\t\t<div class=\"h6 mb-0 d-none d-sm-block\">\n\t\t\t\t\t01\t\t\t\t<\/div>\n\t\t\t\t<div class=\"flex-grow-1\">\n\t\t\t\t\t<dt class=\"mb-0 h6 trigger d-block pe-3 pe-sm-6\" data-bs-toggle=\"collapse\" href=\"#comment-fonctionne-la-periode-dessai-gratuite\" role=\"button\" aria-expanded=\"false\" aria-controls=\"comment-fonctionne-la-periode-dessai-gratuite\">Comment fonctionne la p\u00e9riode d&rsquo;essai gratuite ?<\/dt>\n\t\t\t\t\t<dd class=\"collapse m-0 pe-sm-6\" id=\"comment-fonctionne-la-periode-dessai-gratuite\">\n\t\t\t\t\t\t<div class=\"pt-2\">\n\t\t\t\t\t\t\t<p>La version d&rsquo;essai gratuite te permet de tester nos offres payantes pendant une p\u00e9riode de 14 jours gratuitement. Il n&rsquo;y a aucun frais pendant cette p\u00e9riode. Ton abonnement sera automatiquement d\u00e9sactiv\u00e9 apr\u00e8s la p\u00e9riode d&rsquo;essai et il n&rsquo;y aura pas de frais tant que tu ne cliqueras pas sur \u00ab\u00a0devenir client maintenant\u00a0\u00bb.<\/p>\n\t\t\t\t\t\t<\/div>\n\t\t\t\t\t<\/dd>\n\t\t\t\t<\/div>\n\t\t\t<\/div>\n\t\t\n\t\t<\/dl>\n\t\t\t\t<dl class=\"faq py-3 accordion mb-0\">\n\t\t\t<div class=\"d-flex\" style=\"gap: 50px\">\n\t\t\t\t<div class=\"h6 mb-0 d-none d-sm-block\">\n\t\t\t\t\t02\t\t\t\t<\/div>\n\t\t\t\t<div class=\"flex-grow-1\">\n\t\t\t\t\t<dt class=\"mb-0 h6 trigger d-block pe-3 pe-sm-6\" data-bs-toggle=\"collapse\" href=\"#est-ce-que-je-recois-un-e-mail-de-rappel-avant-la-fin-des-14-jours\" role=\"button\" aria-expanded=\"false\" aria-controls=\"est-ce-que-je-recois-un-e-mail-de-rappel-avant-la-fin-des-14-jours\">Est-ce que je re\u00e7ois un e-mail de rappel avant la fin des 14 jours ?<\/dt>\n\t\t\t\t\t<dd class=\"collapse m-0 pe-sm-6\" id=\"est-ce-que-je-recois-un-e-mail-de-rappel-avant-la-fin-des-14-jours\">\n\t\t\t\t\t\t<div class=\"pt-2\">\n\t\t\t\t\t\t\t<p>Oui. Nous te rappellerons 3 jours avant le terme de ta p\u00e9riode d&rsquo;essai.<\/p>\n\t\t\t\t\t\t<\/div>\n\t\t\t\t\t<\/dd>\n\t\t\t\t<\/div>\n\t\t\t<\/div>\n\t\t\n\t\t<\/dl>\n\t\t\t\t<dl class=\"faq py-3 accordion mb-0\">\n\t\t\t<div class=\"d-flex\" style=\"gap: 50px\">\n\t\t\t\t<div class=\"h6 mb-0 d-none d-sm-block\">\n\t\t\t\t\t03\t\t\t\t<\/div>\n\t\t\t\t<div class=\"flex-grow-1\">\n\t\t\t\t\t<dt class=\"mb-0 h6 trigger d-block pe-3 pe-sm-6\" data-bs-toggle=\"collapse\" href=\"#puis-je-prolonger-la-periode-dessai-gratuit-de-14-jours\" role=\"button\" aria-expanded=\"false\" aria-controls=\"puis-je-prolonger-la-periode-dessai-gratuit-de-14-jours\">Puis-je prolonger la p\u00e9riode d&rsquo;essai gratuit de 14 jours ?<\/dt>\n\t\t\t\t\t<dd class=\"collapse m-0 pe-sm-6\" id=\"puis-je-prolonger-la-periode-dessai-gratuit-de-14-jours\">\n\t\t\t\t\t\t<div class=\"pt-2\">\n\t\t\t\t\t\t\t<p>Tu peux tester app-room gratuitement pendant 14 jours avec les fonctions de base, sans aucune obligation. Apr\u00e8s les 14 jours, ton compte d&rsquo;essai sera automatiquement d\u00e9sactiv\u00e9, aucune r\u00e9siliation n&rsquo;est n\u00e9cessaire. Si tu as besoin d&rsquo;un peu plus de temps pour tester app-room, envoie-nous un e-mail \u00e0 sales@app-room.ch.<\/p>\n\t\t\t\t\t\t<\/div>\n\t\t\t\t\t<\/dd>\n\t\t\t\t<\/div>\n\t\t\t<\/div>\n\t\t\n\t\t<\/dl>\n\t\t\t\t<dl class=\"faq py-3 accordion mb-0\">\n\t\t\t<div class=\"d-flex\" style=\"gap: 50px\">\n\t\t\t\t<div class=\"h6 mb-0 d-none d-sm-block\">\n\t\t\t\t\t04\t\t\t\t<\/div>\n\t\t\t\t<div class=\"flex-grow-1\">\n\t\t\t\t\t<dt class=\"mb-0 h6 trigger d-block pe-3 pe-sm-6\" data-bs-toggle=\"collapse\" href=\"#si-je-choisis-app-room-que-se-passe-t-il-avec-les-donnees-que-jai-deja-saisies\" role=\"button\" aria-expanded=\"false\" aria-controls=\"si-je-choisis-app-room-que-se-passe-t-il-avec-les-donnees-que-jai-deja-saisies\">Si je choisis app-room, que se passe-t-il avec les donn\u00e9es que j&rsquo;ai d\u00e9j\u00e0 saisies ?<\/dt>\n\t\t\t\t\t<dd class=\"collapse m-0 pe-sm-6\" id=\"si-je-choisis-app-room-que-se-passe-t-il-avec-les-donnees-que-jai-deja-saisies\">\n\t\t\t\t\t\t<div class=\"pt-2\">\n\t\t\t\t\t\t\t<p>Les donn\u00e9es de ton entreprise sont conserv\u00e9es. Toutes les donn\u00e9es de test d\u00e9j\u00e0 saisies sont supprim\u00e9es. Les donn\u00e9es de param\u00e9trage, telles que les groupes de marchandises, les types de v\u00e9hicules, les modes de paiement, sont conserv\u00e9es.<\/p>\n\t\t\t\t\t\t<\/div>\n\t\t\t\t\t<\/dd>\n\t\t\t\t<\/div>\n\t\t\t<\/div>\n\t\t\n\t\t<\/dl>\n\t\t\t\t<dl class=\"faq py-3 accordion mb-0\">\n\t\t\t<div class=\"d-flex\" style=\"gap: 50px\">\n\t\t\t\t<div class=\"h6 mb-0 d-none d-sm-block\">\n\t\t\t\t\t05\t\t\t\t<\/div>\n\t\t\t\t<div class=\"flex-grow-1\">\n\t\t\t\t\t<dt class=\"mb-0 h6 trigger d-block pe-3 pe-sm-6\" data-bs-toggle=\"collapse\" href=\"#linstallation-demande-t-elle-beaucoup-de-travail\" role=\"button\" aria-expanded=\"false\" aria-controls=\"linstallation-demande-t-elle-beaucoup-de-travail\">L&rsquo;installation demande-t-elle beaucoup de travail ?<\/dt>\n\t\t\t\t\t<dd class=\"collapse m-0 pe-sm-6\" id=\"linstallation-demande-t-elle-beaucoup-de-travail\">\n\t\t\t\t\t\t<div class=\"pt-2\">\n\t\t\t\t\t\t\t<p>Nous te proposons notre aide avec nos kits d&rsquo;installation\/formation. Pour que tu puisses d\u00e9marrer rapidement avec app-room. En outre, tu trouveras de nombreux conseils utiles dans notre guide d&rsquo;utilisation. Si tu ne trouves pas de solution, contacte-nous \u00e0 l&rsquo;adresse support@app-room.ch<\/p>\n\t\t\t\t\t\t<\/div>\n\t\t\t\t\t<\/dd>\n\t\t\t\t<\/div>\n\t\t\t<\/div>\n\t\t\n\t\t<\/dl>\n\t\t\t\t<dl class=\"faq py-3 accordion mb-0\">\n\t\t\t<div class=\"d-flex\" style=\"gap: 50px\">\n\t\t\t\t<div class=\"h6 mb-0 d-none d-sm-block\">\n\t\t\t\t\t06\t\t\t\t<\/div>\n\t\t\t\t<div class=\"flex-grow-1\">\n\t\t\t\t\t<dt class=\"mb-0 h6 trigger d-block pe-3 pe-sm-6\" data-bs-toggle=\"collapse\" href=\"#les-donnees-de-mes-clients-peuvent-elles-etre-reprises\" role=\"button\" aria-expanded=\"false\" aria-controls=\"les-donnees-de-mes-clients-peuvent-elles-etre-reprises\">Les donn\u00e9es de mes clients peuvent-elles \u00eatre reprises ?<\/dt>\n\t\t\t\t\t<dd class=\"collapse m-0 pe-sm-6\" id=\"les-donnees-de-mes-clients-peuvent-elles-etre-reprises\">\n\t\t\t\t\t\t<div class=\"pt-2\">\n\t\t\t\t\t\t\t<p>Nous pouvons migrer presque toutes les donn\u00e9es dans app-room. Pour cela, vous devez utiliser notre mod\u00e8le de base en fichier Excel que vous devez remplir.<\/p>\n\t\t\t\t\t\t<\/div>\n\t\t\t\t\t<\/dd>\n\t\t\t\t<\/div>\n\t\t\t<\/div>\n\t\t\n\t\t<\/dl>\n\t\t\t\t<dl class=\"faq py-3 accordion mb-0\">\n\t\t\t<div class=\"d-flex\" style=\"gap: 50px\">\n\t\t\t\t<div class=\"h6 mb-0 d-none d-sm-block\">\n\t\t\t\t\t07\t\t\t\t<\/div>\n\t\t\t\t<div class=\"flex-grow-1\">\n\t\t\t\t\t<dt class=\"mb-0 h6 trigger d-block pe-3 pe-sm-6\" data-bs-toggle=\"collapse\" href=\"#comment-plusieurs-filiales-peuvent-elles-collaborer\" role=\"button\" aria-expanded=\"false\" aria-controls=\"comment-plusieurs-filiales-peuvent-elles-collaborer\">Comment plusieurs filiales peuvent-elles collaborer ?<\/dt>\n\t\t\t\t\t<dd class=\"collapse m-0 pe-sm-6\" id=\"comment-plusieurs-filiales-peuvent-elles-collaborer\">\n\t\t\t\t\t\t<div class=\"pt-2\">\n\t\t\t\t\t\t\t<p>Avec app-room, plusieurs filiales peuvent \u00eatre reli\u00e9es entre elles. Les filiales se partagent g\u00e9n\u00e9ralement la fiche d&rsquo;articles, le stock et le catalogue de v\u00e9hicules, ainsi que les donn\u00e9es clients. Chaque filiale dispose de son propre stock. Si tes filiales ne sont pas encore reli\u00e9es entre elles, alors contacte-nous \u00e0 l&rsquo;adresse support@app-room.ch<\/p>\n\t\t\t\t\t\t<\/div>\n\t\t\t\t\t<\/dd>\n\t\t\t\t<\/div>\n\t\t\t<\/div>\n\t\t\n\t\t<\/dl>\n\t\t\t\t<dl class=\"faq py-3 accordion mb-0\">\n\t\t\t<div class=\"d-flex\" style=\"gap: 50px\">\n\t\t\t\t<div class=\"h6 mb-0 d-none d-sm-block\">\n\t\t\t\t\t08\t\t\t\t<\/div>\n\t\t\t\t<div class=\"flex-grow-1\">\n\t\t\t\t\t<dt class=\"mb-0 h6 trigger d-block pe-3 pe-sm-6\" data-bs-toggle=\"collapse\" href=\"#puis-je-continuer-a-utiliser-mon-ordinateur\" role=\"button\" aria-expanded=\"false\" aria-controls=\"puis-je-continuer-a-utiliser-mon-ordinateur\">Puis-je continuer \u00e0 utiliser mon ordinateur ?<\/dt>\n\t\t\t\t\t<dd class=\"collapse m-0 pe-sm-6\" id=\"puis-je-continuer-a-utiliser-mon-ordinateur\">\n\t\t\t\t\t\t<div class=\"pt-2\">\n\t\t\t\t\t\t\t<p>Comme app-room est un logiciel bas\u00e9 sur un navigateur, tu peux l&rsquo;utiliser sans probl\u00e8me avec des appareils d\u00e9j\u00e0 existants, tels que PC, Mac, tablette ou smartphone. Si tu le souhaites, nous pouvons t&rsquo;organiser les appareils manquants. Nous nous ferons \u00e9galement un plaisir de te conseiller sur les appareils \u00e0 utiliser.<\/p>\n\t\t\t\t\t\t<\/div>\n\t\t\t\t\t<\/dd>\n\t\t\t\t<\/div>\n\t\t\t<\/div>\n\t\t\n\t\t<\/dl>\n\t\t\t\t<dl class=\"faq py-3 accordion mb-0\">\n\t\t\t<div class=\"d-flex\" style=\"gap: 50px\">\n\t\t\t\t<div class=\"h6 mb-0 d-none d-sm-block\">\n\t\t\t\t\t09\t\t\t\t<\/div>\n\t\t\t\t<div class=\"flex-grow-1\">\n\t\t\t\t\t<dt class=\"mb-0 h6 trigger d-block pe-3 pe-sm-6\" data-bs-toggle=\"collapse\" href=\"#puis-je-mettre-des-modules-en-pause\" role=\"button\" aria-expanded=\"false\" aria-controls=\"puis-je-mettre-des-modules-en-pause\">Puis-je mettre des modules en pause ?<\/dt>\n\t\t\t\t\t<dd class=\"collapse m-0 pe-sm-6\" id=\"puis-je-mettre-des-modules-en-pause\">\n\t\t\t\t\t\t<div class=\"pt-2\">\n\t\t\t\t\t\t\t<p>Par exemple, si tu as le module Rental d&rsquo;app-room et que tu n&rsquo;en as besoin que pendant la saison d&rsquo;\u00e9t\u00e9, tu peux faire une pause pendant la saison d&rsquo;hiver et tu n&rsquo;auras pas de frais mensuels pendant cette p\u00e9riode. Pour faire une pause, tu peux nous contacter \u00e0 l&rsquo;adresse support@app-room.ch.<\/p>\n\t\t\t\t\t\t<\/div>\n\t\t\t\t\t<\/dd>\n\t\t\t\t<\/div>\n\t\t\t<\/div>\n\t\t\n\t\t<\/dl>\n\t\t\t\t<dl class=\"faq py-3 accordion mb-0\">\n\t\t\t<div class=\"d-flex\" style=\"gap: 50px\">\n\t\t\t\t<div class=\"h6 mb-0 d-none d-sm-block\">\n\t\t\t\t\t10\t\t\t\t<\/div>\n\t\t\t\t<div class=\"flex-grow-1\">\n\t\t\t\t\t<dt class=\"mb-0 h6 trigger d-block pe-3 pe-sm-6\" data-bs-toggle=\"collapse\" href=\"#comment-puis-je-payer\" role=\"button\" aria-expanded=\"false\" aria-controls=\"comment-puis-je-payer\">Comment puis-je payer ?<\/dt>\n\t\t\t\t\t<dd class=\"collapse m-0 pe-sm-6\" id=\"comment-puis-je-payer\">\n\t\t\t\t\t\t<div class=\"pt-2\">\n\t\t\t\t\t\t\t<p>Nous facturons app-room \u00e0 la fin de chaque mois et t&rsquo;envoyons une facture mensuelle. Tu peux payer facilement par CH-DD (pr\u00e9l\u00e8vement direct), par ordre permanent ou par QR-facture.<\/p>\n\t\t\t\t\t\t<\/div>\n\t\t\t\t\t<\/dd>\n\t\t\t\t<\/div>\n\t\t\t<\/div>\n\t\t\n\t\t<\/dl>\n\t\t\t\t<dl class=\"faq py-3 accordion mb-0\">\n\t\t\t<div class=\"d-flex\" style=\"gap: 50px\">\n\t\t\t\t<div class=\"h6 mb-0 d-none d-sm-block\">\n\t\t\t\t\t11\t\t\t\t<\/div>\n\t\t\t\t<div class=\"flex-grow-1\">\n\t\t\t\t\t<dt class=\"mb-0 h6 trigger d-block pe-3 pe-sm-6\" data-bs-toggle=\"collapse\" href=\"#quel-est-le-delai-de-preavis\" role=\"button\" aria-expanded=\"false\" aria-controls=\"quel-est-le-delai-de-preavis\">Quel est le d\u00e9lai de pr\u00e9avis ?<\/dt>\n\t\t\t\t\t<dd class=\"collapse m-0 pe-sm-6\" id=\"quel-est-le-delai-de-preavis\">\n\t\t\t\t\t\t<div class=\"pt-2\">\n\t\t\t\t\t\t\t<p>Si tu n&rsquo;as plus besoin d&rsquo;app-room, tu peux r\u00e9silier ton compte app-room \u00e0 la fin du mois, en respectant un pr\u00e9avis d&rsquo;un mois. Tes donn\u00e9es peuvent \u00eatre facilement export\u00e9es.<\/p>\n\t\t\t\t\t\t<\/div>\n\t\t\t\t\t<\/dd>\n\t\t\t\t<\/div>\n\t\t\t<\/div>\n\t\t\n\t\t<\/dl>\n\t\t\n<\/div>\n\n\n<div style=\"height:100px\" aria-hidden=\"true\" class=\"wp-block-spacer\"><\/div>\n\n\n\t\t\t<\/div>\n\t\t<\/div>\n\t<\/div>\n<\/section>\n\n\n<section class=\"py-5 py-lg-6 bg-dark\">\n\t<div class=\"container\">\n\t\t<div class=\"row justify-content-center\">\n\t\t\t<div class=\"col-12\">\n\n\n<div class=\"wp-block-columns is-layout-flex wp-container-core-columns-is-layout-9d6595d7 wp-block-columns-is-layout-flex\">\n<div class=\"wp-block-column is-layout-flow wp-block-column-is-layout-flow\">\n<h2 class=\"wp-block-heading has-text-align-left h1\"><strong>Tu as besoin d&rsquo;aide ?<\/strong><\/h2>\n\n\n\n<p>Tu n&rsquo;as pas encore trouv\u00e9 de r\u00e9ponse \u00e0 tes questions sur app-room ou sur nos services ? Contacte-nous par t\u00e9l\u00e9phone ou par e-mail, nous te conseillerons volontiers et trouverons ensemble une solution adapt\u00e9e.<\/p>\n<\/div>\n\n\n\n<div class=\"wp-block-column is-layout-flow wp-block-column-is-layout-flow\">\n<p>Appelle-nous au<\/p>\n\n\n\n<p class=\"big h1\">+41 32 510 21 43<\/p>\n\n\n\n<p>Ou \u00e9cris-nous un e-mail \u00e0<\/p>\n\n\n\n<p class=\"big h1\">kontakt@app-room.ch<\/p>\n<\/div>\n<\/div>\n\n\n\t\t\t<\/div>\n\t\t<\/div>\n\t<\/div>\n<\/section>\n\n\n<section class=\"\">\n\t<div class=\"container\">\n\t\t<div class=\"row justify-content-center\">\n\t\t\t<div class=\"col-12\">\n\n\n<div style=\"height:100px\" aria-hidden=\"true\" class=\"wp-block-spacer\"><\/div>\n","protected":false},"excerpt":{"rendered":"<p>FAQ Questions apr\u00e8s questions, nous avons r\u00e9sum\u00e9 les plus importantes dans une FAQ Foire aux [&hellip;]<\/p>\n","protected":false},"author":2,"featured_media":1396,"parent":0,"menu_order":15,"comment_status":"closed","ping_status":"open","template":"","meta":{"_acf_changed":false,"inline_featured_image":false,"footnotes":""},"class_list":["post-1669","page","type-page","status-publish","has-post-thumbnail","hentry"],"acf":[],"yoast_head":"<!-- This site is optimized with the Yoast SEO plugin v27.2 - https:\/\/yoast.com\/product\/yoast-seo-wordpress\/ -->\n<title>FAQ - app-room GmbH<\/title>\n<meta name=\"robots\" content=\"index, follow, max-snippet:-1, max-image-preview:large, max-video-preview:-1\" \/>\n<link rel=\"canonical\" href=\"https:\/\/app-room.ch\/fr\/faq\/\" \/>\n<meta property=\"og:locale\" content=\"fr_FR\" \/>\n<meta property=\"og:type\" content=\"article\" \/>\n<meta property=\"og:title\" content=\"FAQ - app-room GmbH\" \/>\n<meta property=\"og:description\" content=\"FAQ Questions apr\u00e8s questions, nous avons r\u00e9sum\u00e9 les plus importantes dans une FAQ Foire aux [&hellip;]\" \/>\n<meta property=\"og:url\" content=\"https:\/\/app-room.ch\/fr\/faq\/\" \/>\n<meta property=\"og:site_name\" content=\"app-room GmbH\" \/>\n<meta property=\"article:publisher\" content=\"https:\/\/www.facebook.com\/approomgmbh\/\" \/>\n<meta property=\"article:modified_time\" content=\"2024-10-22T09:22:28+00:00\" \/>\n<meta property=\"og:image\" content=\"https:\/\/app-room.ch\/wp-content\/uploads\/2021\/08\/header-faq-e1629546871615.jpg\" \/>\n\t<meta property=\"og:image:width\" content=\"1333\" \/>\n\t<meta property=\"og:image:height\" content=\"723\" \/>\n\t<meta property=\"og:image:type\" content=\"image\/jpeg\" \/>\n<meta name=\"twitter:card\" content=\"summary_large_image\" \/>\n<meta name=\"twitter:label1\" content=\"Dur\u00e9e de lecture estim\u00e9e\" \/>\n\t<meta name=\"twitter:data1\" content=\"1 minute\" \/>\n<script type=\"application\/ld+json\" class=\"yoast-schema-graph\">{\"@context\":\"https:\/\/schema.org\",\"@graph\":[{\"@type\":\"WebPage\",\"@id\":\"https:\/\/app-room.ch\/fr\/faq\/\",\"url\":\"https:\/\/app-room.ch\/fr\/faq\/\",\"name\":\"FAQ - app-room GmbH\",\"isPartOf\":{\"@id\":\"https:\/\/app-room.ch\/#website\"},\"primaryImageOfPage\":{\"@id\":\"https:\/\/app-room.ch\/fr\/faq\/#primaryimage\"},\"image\":{\"@id\":\"https:\/\/app-room.ch\/fr\/faq\/#primaryimage\"},\"thumbnailUrl\":\"https:\/\/app-room.fr\/wp-content\/uploads\/2021\/08\/header-faq-e1629546871615.jpg\",\"datePublished\":\"2020-10-21T07:25:08+00:00\",\"dateModified\":\"2024-10-22T09:22:28+00:00\",\"breadcrumb\":{\"@id\":\"https:\/\/app-room.ch\/fr\/faq\/#breadcrumb\"},\"inLanguage\":\"fr-FR\",\"potentialAction\":[{\"@type\":\"ReadAction\",\"target\":[\"https:\/\/app-room.ch\/fr\/faq\/\"]}]},{\"@type\":\"ImageObject\",\"inLanguage\":\"fr-FR\",\"@id\":\"https:\/\/app-room.ch\/fr\/faq\/#primaryimage\",\"url\":\"https:\/\/app-room.fr\/wp-content\/uploads\/2021\/08\/header-faq-e1629546871615.jpg\",\"contentUrl\":\"https:\/\/app-room.fr\/wp-content\/uploads\/2021\/08\/header-faq-e1629546871615.jpg\",\"width\":1333,\"height\":723},{\"@type\":\"BreadcrumbList\",\"@id\":\"https:\/\/app-room.ch\/fr\/faq\/#breadcrumb\",\"itemListElement\":[{\"@type\":\"ListItem\",\"position\":1,\"name\":\"Startseite\",\"item\":\"https:\/\/app-room.fr\/fr\/\"},{\"@type\":\"ListItem\",\"position\":2,\"name\":\"FAQ\"}]},{\"@type\":\"WebSite\",\"@id\":\"https:\/\/app-room.ch\/#website\",\"url\":\"https:\/\/app-room.ch\/\",\"name\":\"app-room GmbH\",\"description\":\"CYCLE, das online Warenwirtschaftssystem \/ ERP f\u00fcr den Fahrradhandel\",\"publisher\":{\"@id\":\"https:\/\/app-room.ch\/#organization\"},\"potentialAction\":[{\"@type\":\"SearchAction\",\"target\":{\"@type\":\"EntryPoint\",\"urlTemplate\":\"https:\/\/app-room.ch\/?s={search_term_string}\"},\"query-input\":{\"@type\":\"PropertyValueSpecification\",\"valueRequired\":true,\"valueName\":\"search_term_string\"}}],\"inLanguage\":\"fr-FR\"},{\"@type\":\"Organization\",\"@id\":\"https:\/\/app-room.ch\/#organization\",\"name\":\"app-room GmbH\",\"url\":\"https:\/\/app-room.ch\/\",\"logo\":{\"@type\":\"ImageObject\",\"inLanguage\":\"fr-FR\",\"@id\":\"https:\/\/app-room.ch\/#\/schema\/logo\/image\/\",\"url\":\"https:\/\/app-room.ch\/wp-content\/uploads\/2024\/10\/favicon.png\",\"contentUrl\":\"https:\/\/app-room.ch\/wp-content\/uploads\/2024\/10\/favicon.png\",\"width\":128,\"height\":128,\"caption\":\"app-room GmbH\"},\"image\":{\"@id\":\"https:\/\/app-room.ch\/#\/schema\/logo\/image\/\"},\"sameAs\":[\"https:\/\/www.facebook.com\/approomgmbh\/\",\"https:\/\/ch.linkedin.com\/company\/app-room-gmbh\"]}]}<\/script>\n<!-- \/ Yoast SEO plugin. -->","yoast_head_json":{"title":"FAQ - app-room GmbH","robots":{"index":"index","follow":"follow","max-snippet":"max-snippet:-1","max-image-preview":"max-image-preview:large","max-video-preview":"max-video-preview:-1"},"canonical":"https:\/\/app-room.ch\/fr\/faq\/","og_locale":"fr_FR","og_type":"article","og_title":"FAQ - app-room GmbH","og_description":"FAQ Questions apr\u00e8s questions, nous avons r\u00e9sum\u00e9 les plus importantes dans une FAQ Foire aux [&hellip;]","og_url":"https:\/\/app-room.ch\/fr\/faq\/","og_site_name":"app-room GmbH","article_publisher":"https:\/\/www.facebook.com\/approomgmbh\/","article_modified_time":"2024-10-22T09:22:28+00:00","og_image":[{"width":1333,"height":723,"url":"https:\/\/app-room.ch\/wp-content\/uploads\/2021\/08\/header-faq-e1629546871615.jpg","type":"image\/jpeg"}],"twitter_card":"summary_large_image","twitter_misc":{"Dur\u00e9e de lecture estim\u00e9e":"1 minute"},"schema":{"@context":"https:\/\/schema.org","@graph":[{"@type":"WebPage","@id":"https:\/\/app-room.ch\/fr\/faq\/","url":"https:\/\/app-room.ch\/fr\/faq\/","name":"FAQ - app-room GmbH","isPartOf":{"@id":"https:\/\/app-room.ch\/#website"},"primaryImageOfPage":{"@id":"https:\/\/app-room.ch\/fr\/faq\/#primaryimage"},"image":{"@id":"https:\/\/app-room.ch\/fr\/faq\/#primaryimage"},"thumbnailUrl":"https:\/\/app-room.fr\/wp-content\/uploads\/2021\/08\/header-faq-e1629546871615.jpg","datePublished":"2020-10-21T07:25:08+00:00","dateModified":"2024-10-22T09:22:28+00:00","breadcrumb":{"@id":"https:\/\/app-room.ch\/fr\/faq\/#breadcrumb"},"inLanguage":"fr-FR","potentialAction":[{"@type":"ReadAction","target":["https:\/\/app-room.ch\/fr\/faq\/"]}]},{"@type":"ImageObject","inLanguage":"fr-FR","@id":"https:\/\/app-room.ch\/fr\/faq\/#primaryimage","url":"https:\/\/app-room.fr\/wp-content\/uploads\/2021\/08\/header-faq-e1629546871615.jpg","contentUrl":"https:\/\/app-room.fr\/wp-content\/uploads\/2021\/08\/header-faq-e1629546871615.jpg","width":1333,"height":723},{"@type":"BreadcrumbList","@id":"https:\/\/app-room.ch\/fr\/faq\/#breadcrumb","itemListElement":[{"@type":"ListItem","position":1,"name":"Startseite","item":"https:\/\/app-room.fr\/fr\/"},{"@type":"ListItem","position":2,"name":"FAQ"}]},{"@type":"WebSite","@id":"https:\/\/app-room.ch\/#website","url":"https:\/\/app-room.ch\/","name":"app-room GmbH","description":"CYCLE, das online Warenwirtschaftssystem \/ ERP f\u00fcr den Fahrradhandel","publisher":{"@id":"https:\/\/app-room.ch\/#organization"},"potentialAction":[{"@type":"SearchAction","target":{"@type":"EntryPoint","urlTemplate":"https:\/\/app-room.ch\/?s={search_term_string}"},"query-input":{"@type":"PropertyValueSpecification","valueRequired":true,"valueName":"search_term_string"}}],"inLanguage":"fr-FR"},{"@type":"Organization","@id":"https:\/\/app-room.ch\/#organization","name":"app-room GmbH","url":"https:\/\/app-room.ch\/","logo":{"@type":"ImageObject","inLanguage":"fr-FR","@id":"https:\/\/app-room.ch\/#\/schema\/logo\/image\/","url":"https:\/\/app-room.ch\/wp-content\/uploads\/2024\/10\/favicon.png","contentUrl":"https:\/\/app-room.ch\/wp-content\/uploads\/2024\/10\/favicon.png","width":128,"height":128,"caption":"app-room GmbH"},"image":{"@id":"https:\/\/app-room.ch\/#\/schema\/logo\/image\/"},"sameAs":["https:\/\/www.facebook.com\/approomgmbh\/","https:\/\/ch.linkedin.com\/company\/app-room-gmbh"]}]}},"_links":{"self":[{"href":"https:\/\/app-room.fr\/fr\/wp-json\/wp\/v2\/pages\/1669","targetHints":{"allow":["GET"]}}],"collection":[{"href":"https:\/\/app-room.fr\/fr\/wp-json\/wp\/v2\/pages"}],"about":[{"href":"https:\/\/app-room.fr\/fr\/wp-json\/wp\/v2\/types\/page"}],"author":[{"embeddable":true,"href":"https:\/\/app-room.fr\/fr\/wp-json\/wp\/v2\/users\/2"}],"replies":[{"embeddable":true,"href":"https:\/\/app-room.fr\/fr\/wp-json\/wp\/v2\/comments?post=1669"}],"version-history":[{"count":10,"href":"https:\/\/app-room.fr\/fr\/wp-json\/wp\/v2\/pages\/1669\/revisions"}],"predecessor-version":[{"id":3438,"href":"https:\/\/app-room.fr\/fr\/wp-json\/wp\/v2\/pages\/1669\/revisions\/3438"}],"wp:featuredmedia":[{"embeddable":true,"href":"https:\/\/app-room.fr\/fr\/wp-json\/wp\/v2\/media\/1396"}],"wp:attachment":[{"href":"https:\/\/app-room.fr\/fr\/wp-json\/wp\/v2\/media?parent=1669"}],"curies":[{"name":"wp","href":"https:\/\/api.w.org\/{rel}","templated":true}]}}